{"id":15,"date":"2018-12-05T00:04:41","date_gmt":"2018-12-05T00:04:41","guid":{"rendered":"http:\/\/bims.info\/?page_id=15"},"modified":"2021-10-29T13:07:29","modified_gmt":"2021-10-29T13:07:29","slug":"kontakt","status":"publish","type":"page","link":"https:\/\/bims.info\/?page_id=15","title":{"rendered":"Kontakt"},"content":{"rendered":"<p class=\"wpcf7-contact-form-not-found\"><strong>B\u0142\u0105d:<\/strong> Brak formularza kontaktowego.<\/p>\n\n\n\n<a href=\"https:\/\/cww.verifytrustseal.com\/verification\/\neyJhbGciOiJIUzI1NiIsInR5cCI6IkpXVCJ9.eyJkb21haW5JZCI6IjgxOTg5IiwidGhlbWUiOiJkYXJrIiwiaG9zdG5hbWUiOiJwYW5lbC5vY2hyb25hd3d3LmhvbWUucGwiLCJsYW5ndWFnZSI6InBsIiwiaWF0IjoxNTg1MTI3NDMzfQ.HQzxBkYo7QIuFnjuYpgxpS_aNZuCV9NyXx9g9X4xxUg?clang=pl\" target=\"_blank\" rel=\"noopener noreferrer\"><img decoding=\"async\" src=\"https:\/\/cww.verifytrustseal.com\/seal\/eyJhbGciOiJIUzI1NiIsInR5cCI6IkpXVCJ9.eyJkb21haW5JZCI6IjgxOTg5IiwidGhlbWUiOiJkYXJrIiwiaG9zdG5hbWUiOiJwYW5lbC5vY2hyb25hd3d3LmhvbWUucGwiLCJsYW5ndWFnZSI6InBsIiwiaWF0IjoxNTg1MTI3NDMzfQ.HQzxBkYo7QIuFnjuYpgxpS_aNZuCV9NyXx9g9X4xxUg?clang=pl\" style=\"max-width:240; max-height:120; position:fixed; right:0px; bottom:0px; z-index:9999\" alt=\"cww trust seal\"><\/a>\n\n\n\n<p><strong>e-mail:<\/strong> kontakt@bims.home.pl<\/p>\n\n\n\n<p><strong>tel.<\/strong> 605-976-900<\/p>\n\n\n\n<p><strong>adres: <\/strong>ul. Rakowska 10\/27, 02-237 Warszawa<\/p>\n\n\n\n<p><strong>NIP:<\/strong> 5272499921&nbsp; <strong>REGON:<\/strong> 141546942<br><\/p>\n\n\n\n<p>Jestem (Mateusz Siek) administratorem tych danych osobowych. Przetwarzam je na podstawie art. 6 ust. 1 lit. f RODO, czyli prawnie uzasadnionego interesu, jakim jest prowadzenie korespondencji. Dane nie s\u0105 przetwarzane w spos\u00f3b automatyczny w celu podj\u0119cia decyzji w sprawie indywidualnej; mog\u0105 by\u0107 udost\u0119pnione podmiotom wspieraj\u0105cym mnie w zakresie obs\u0142ugi administracyjno-organizacyjnej(np. dostawca us\u0142ug internetowych home.pl); s\u0105 przetwarzane w okresie prowadzenia korespondencji, a nast\u0119pnie przechowywane przez rok, w zwi\u0105zku z ewentualno\u015bci\u0105 wznowienia korespondencji \u2013 po tym okresie mejle s\u0105 usuwane w cyklu miesi\u0119cznym. <\/p>\n\n\n\n<p>W zwi\u0105zku z prowadzon\u0105 korespondencj\u0105, przetwarzam dane osobowe nadawc\u00f3w i adresat\u00f3w, w tym os\u00f3b zostawiaj\u0105cych komentarze, koresponduj\u0105cych z wykorzystaniem wskazanych skrzynek poczty elektronicznej lub formularzy kontaktowych. <\/p>\n\n\n\n<p>Ka\u017cdej osobie, kt\u00f3rej dane dotycz\u0105 przys\u0142uguje prawo \u017c\u0105dania: dost\u0119pu do danych osobowych, ich sprostowania, usuni\u0119cia lub ograniczenia przetwarzania. Ponadto przys\u0142uguje prawo wniesienia sprzeciwu \u2013 wynikaj\u0105cego szczeg\u00f3lnej sytuacji \u2013 wobec przetwarzania.Ww. uprawnienia mog\u0105 by\u0107 realizowane na zasadach i w zakresie wskazanych w RODO lub innych przepisach o ochronie danych osobowych. Zawsze przys\u0142uguje te\u017c prawo wniesienia skargi do Prezesa Urz\u0119du Ochrony Danych Osobowych (szczeg\u00f3\u0142owe informacje na stronie https:\/\/uodo.gov.pl). <\/p>\n\n\n\n<p>Podanie danych jest dobrowolne, jednak niezb\u0119dne w celu wymiany korespondencji.<\/p>\n\n\n\n<p>Wi\u0119cej informacji na temat przetwarzania danych osobowych mo\u017cna \nuzyska\u0107 kontaktuj\u0105c si\u0119 ze mn\u0105 pod adresem korespondencyjnym: Mateusz \nSiek, ul. Rakowska 10\/27,02-237 Warszawa; telefonicznie: 605-976-900 lub\n za po\u015brednictwem poczty elektronicznej: kontakt@bims.home.pl. <br><\/p>\n","protected":false},"excerpt":{"rendered":"<p>e-mail: kontakt@bims.home.pl tel. 605-976-900 adres: ul. Rakowska 10\/27, 02-237 Warszawa NIP: 5272499921&nbsp; REGON: 141546942 Jestem (Mateusz Siek) administratorem tych danych osobowych. Przetwarzam je na podstawie art. 6 ust. 1 lit. f RODO, czyli prawnie uzasadnionego interesu, jakim jest prowadzenie korespondencji. Dane nie s\u0105 przetwarzane w spos\u00f3b automatyczny w celu podj\u0119cia decyzji w sprawie indywidualnej; mog\u0105 [&hellip;]<\/p>\n","protected":false},"author":1,"featured_media":0,"parent":0,"menu_order":0,"comment_status":"closed","ping_status":"closed","template":"","meta":{"footnotes":""},"class_list":["post-15","page","type-page","status-publish","hentry"],"_links":{"self":[{"href":"https:\/\/bims.info\/index.php?rest_route=\/wp\/v2\/pages\/15","targetHints":{"allow":["GET"]}}],"collection":[{"href":"https:\/\/bims.info\/index.php?rest_route=\/wp\/v2\/pages"}],"about":[{"href":"https:\/\/bims.info\/index.php?rest_route=\/wp\/v2\/types\/page"}],"author":[{"embeddable":true,"href":"https:\/\/bims.info\/index.php?rest_route=\/wp\/v2\/users\/1"}],"replies":[{"embeddable":true,"href":"https:\/\/bims.info\/index.php?rest_route=%2Fwp%2Fv2%2Fcomments&post=15"}],"version-history":[{"count":11,"href":"https:\/\/bims.info\/index.php?rest_route=\/wp\/v2\/pages\/15\/revisions"}],"predecessor-version":[{"id":446,"href":"https:\/\/bims.info\/index.php?rest_route=\/wp\/v2\/pages\/15\/revisions\/446"}],"wp:attachment":[{"href":"https:\/\/bims.info\/index.php?rest_route=%2Fwp%2Fv2%2Fmedia&parent=15"}],"curies":[{"name":"wp","href":"https:\/\/api.w.org\/{rel}","templated":true}]}}