{"id":14,"date":"2018-12-05T00:04:41","date_gmt":"2018-12-05T00:04:41","guid":{"rendered":"http:\/\/bims.info\/?page_id=14"},"modified":"2021-10-29T12:31:14","modified_gmt":"2021-10-29T12:31:14","slug":"linki","status":"publish","type":"page","link":"https:\/\/bims.info\/?page_id=14","title":{"rendered":"Linki"},"content":{"rendered":"\n<a href=\"https:\/\/cww.verifytrustseal.com\/verification\/\neyJhbGciOiJIUzI1NiIsInR5cCI6IkpXVCJ9.eyJkb21haW5JZCI6IjgxOTg5IiwidGhlbWUiOiJkYXJrIiwiaG9zdG5hbWUiOiJwYW5lbC5vY2hyb25hd3d3LmhvbWUucGwiLCJsYW5ndWFnZSI6InBsIiwiaWF0IjoxNTg1MTI3NDMzfQ.HQzxBkYo7QIuFnjuYpgxpS_aNZuCV9NyXx9g9X4xxUg?clang=pl\" target=\"_blank\" rel=\"noopener\"><img decoding=\"async\" src=\"https:\/\/cww.verifytrustseal.com\/seal\/eyJhbGciOiJIUzI1NiIsInR5cCI6IkpXVCJ9.eyJkb21haW5JZCI6IjgxOTg5IiwidGhlbWUiOiJkYXJrIiwiaG9zdG5hbWUiOiJwYW5lbC5vY2hyb25hd3d3LmhvbWUucGwiLCJsYW5ndWFnZSI6InBsIiwiaWF0IjoxNTg1MTI3NDMzfQ.HQzxBkYo7QIuFnjuYpgxpS_aNZuCV9NyXx9g9X4xxUg?clang=pl\" style=\"max-width:240; max-height:120; position:fixed; right:0px; bottom:0px; z-index:9999\" alt=\"cww trust seal\"><\/a>\n\n\n\n<p>S\u0105 takie strony, kt\u00f3re warto odwiedza\u0107:<\/p>\n\n\n\n<ul class=\"wp-block-list\"><li><a href=\"https:\/\/uodo.gov.pl\/\">Urz\u0105d Ochrony Danych Osobowych<\/a><\/li><li><a href=\"https:\/\/www.gov.pl\/web\/cyfryzacja\">Ministerstwo Cyfryzacji<\/a> <\/li><li><a href=\"https:\/\/zaufanatrzeciastrona.pl\/\">Zaufana Trzecia Strona<\/a><\/li><li><a href=\"https:\/\/niebezpiecznik.pl\/\">Niebezpiecznik<\/a><\/li><li><a href=\"https:\/\/sekurak.pl\/\">Sekurak<\/a><\/li><li><a href=\"https:\/\/cyberdefence24.pl\">CyberDefence24.pl<\/a><\/li><li><a href=\"https:\/\/panoptykon.pl\">Panoptykon<\/a><\/li><li><a href=\"https:\/\/stowarzyszeniepod.pl\/\">Stowarzyszenie Praktyk\u00f3w Ochrony Danych<\/a><\/li><li><a href=\"https:\/\/uodo.gov.pl\/pl\/file\/1460\">RODO (.pdf)<\/a><\/li><li><a href=\"http:\/\/prawo.sejm.gov.pl\/isap.nsf\/download.xsp\/WDU20180001000\/U\/D20181000Lj.pdf\">ustawa z dnia 10 maja 2018 r. o ochronie danych osobowych<\/a><br><\/li><\/ul>\n","protected":false},"excerpt":{"rendered":"<p>S\u0105 takie strony, kt\u00f3re warto odwiedza\u0107: Urz\u0105d Ochrony Danych Osobowych Ministerstwo Cyfryzacji Zaufana Trzecia Strona Niebezpiecznik Sekurak CyberDefence24.pl Panoptykon Stowarzyszenie Praktyk\u00f3w Ochrony Danych RODO (.pdf) ustawa z dnia 10 maja 2018 r. o ochronie danych osobowych<\/p>\n","protected":false},"author":1,"featured_media":0,"parent":0,"menu_order":0,"comment_status":"closed","ping_status":"closed","template":"","meta":{"footnotes":""},"class_list":["post-14","page","type-page","status-publish","hentry"],"_links":{"self":[{"href":"https:\/\/bims.info\/index.php?rest_route=\/wp\/v2\/pages\/14","targetHints":{"allow":["GET"]}}],"collection":[{"href":"https:\/\/bims.info\/index.php?rest_route=\/wp\/v2\/pages"}],"about":[{"href":"https:\/\/bims.info\/index.php?rest_route=\/wp\/v2\/types\/page"}],"author":[{"embeddable":true,"href":"https:\/\/bims.info\/index.php?rest_route=\/wp\/v2\/users\/1"}],"replies":[{"embeddable":true,"href":"https:\/\/bims.info\/index.php?rest_route=%2Fwp%2Fv2%2Fcomments&post=14"}],"version-history":[{"count":9,"href":"https:\/\/bims.info\/index.php?rest_route=\/wp\/v2\/pages\/14\/revisions"}],"predecessor-version":[{"id":444,"href":"https:\/\/bims.info\/index.php?rest_route=\/wp\/v2\/pages\/14\/revisions\/444"}],"wp:attachment":[{"href":"https:\/\/bims.info\/index.php?rest_route=%2Fwp%2Fv2%2Fmedia&parent=14"}],"curies":[{"name":"wp","href":"https:\/\/api.w.org\/{rel}","templated":true}]}}