{"id":11,"date":"2018-12-05T00:04:41","date_gmt":"2018-12-05T00:04:41","guid":{"rendered":"http:\/\/bims.info\/?page_id=11"},"modified":"2023-03-19T20:26:04","modified_gmt":"2023-03-19T20:26:04","slug":"o-bims","status":"publish","type":"page","link":"https:\/\/bims.info\/?page_id=11","title":{"rendered":"O BIMS"},"content":{"rendered":"\n<a href=\"https:\/\/cww.verifytrustseal.com\/verification\/\neyJhbGciOiJIUzI1NiIsInR5cCI6IkpXVCJ9.eyJkb21haW5JZCI6IjgxOTg5IiwidGhlbWUiOiJkYXJrIiwiaG9zdG5hbWUiOiJwYW5lbC5vY2hyb25hd3d3LmhvbWUucGwiLCJsYW5ndWFnZSI6InBsIiwiaWF0IjoxNTg1MTI3NDMzfQ.HQzxBkYo7QIuFnjuYpgxpS_aNZuCV9NyXx9g9X4xxUg?clang=pl\" target=\"_blank\" rel=\"noopener noreferrer\"><img decoding=\"async\" src=\"https:\/\/cww.verifytrustseal.com\/seal\/eyJhbGciOiJIUzI1NiIsInR5cCI6IkpXVCJ9.eyJkb21haW5JZCI6IjgxOTg5IiwidGhlbWUiOiJkYXJrIiwiaG9zdG5hbWUiOiJwYW5lbC5vY2hyb25hd3d3LmhvbWUucGwiLCJsYW5ndWFnZSI6InBsIiwiaWF0IjoxNTg1MTI3NDMzfQ.HQzxBkYo7QIuFnjuYpgxpS_aNZuCV9NyXx9g9X4xxUg?clang=pl\" style=\"max-width:240; max-height:120; position:fixed; right:0px; bottom:0px; z-index:9999\" alt=\"cww trust seal\"><\/a>\n\n\n\n<p class=\"has-text-align-left\">Przedmiotem dzia\u0142alno\u015bci jest szeroko rozumiane bezpiecze\u0144stwo informacji, a w tym szczeg\u00f3lnie ochrona danych osobowych. Podstawow\u0105 ofert\u0105 BIMS s\u0105: <strong>audyty<\/strong> bezpiecze\u0144stwa, pomoc we wdra\u017caniu <strong>RODO <\/strong>oraz najwy\u017cszych standard\u00f3w funkcjonowania organizacji w tym obszarze, a tak\u017ce <strong>szkolenia <\/strong>oraz dora\u017ane <strong>konsultacje<\/strong>.<\/p>\n\n\n\n<p>BIMS wsp\u00f3\u0142pracuje z<strong> najlepszymi prawnikami <\/strong>specjalizuj\u0105cymi si\u0119 w okre\u015blonych dziedzinach prawa (m.in. prawo pracy, prawo autorskie, prawo europejskie, sektor zdrowia, samorz\u0105d terytorialny) &#8211; dzi\u0119ki temu, ka\u017cde zagadnienie analizowane jest w oparciu o wiedz\u0119 i do\u015bwiadczenie ekspert\u00f3w, nie tylko z zakresu bezpiecze\u0144stwa informacji. <br>Niezast\u0105pionym zapleczem BIMS s\u0105 r\u00f3wnie\u017c <strong>informatycy <\/strong>konsultuj\u0105cy poszczeg\u00f3lne kwestie bezpiecze\u0144stwa teleinformatycznego.<\/p>\n\n\n\n<p>G\u0142\u00f3wn\u0105 ide\u0105 przy\u015bwiecaj\u0105c\u0105 dzia\u0142alno\u015bci BIMS jest <em><strong>bezpiecze\u0144stwo ze zdrowym rozs\u0105dkiem!<\/strong><\/em><\/p>\n\n\n\n<p><br><\/p>\n\n\n\n<p class=\"has-large-font-size\"><strong>O mnie, czyli tzw. BIO<\/strong><\/p>\n\n\n\n<p>2023 &#8211; audytor wiod\u0105cy Systemu Zarz\u0105dzania Bezpiecze\u0144stwem Informacji wg ISO 2700:2017<\/p>\n\n\n\n<p>2019-2020 studia podyplomowe &#8222;<strong>Cyberbezpiecze\u0144stwo<\/strong>&#8222;.  <\/p>\n\n\n\n<p>2018-2019 studia podyplomowe <strong>&#8222;Wykonywanie funkcji Inspektora ochrony danych&#8221;<\/strong>, <\/p>\n\n\n\n<p>w 2011 uko\u0144czy\u0142em<strong> prawo <\/strong>na Uniwersytecie Warszawskim; <\/p>\n\n\n\n<p>Do\u015bwiadczenie zawodowe zdobywa\u0142em w kom\u00f3rkach kontroli w administracji publicznej. Od kilku lat zajmuj\u0119 si\u0119 bezpiecze\u0144stwem informacji. Obecnie pe\u0142ni\u0119 funkcj\u0119<strong> Inspektora ochrony danych<\/strong> (wcze\u015bniej Administratora bezpiecze\u0144stwa informacji) w samorz\u0105dzie terytorialnym szczebla wojew\u00f3dzkiego. Jestem cz\u0142onkiem Stowarzyszenia Praktyk\u00f3w Ochrony Danych.<\/p>\n\n\n\n<p>Ponadto swoj\u0105 wiedz\u0105 i do\u015bwiadczeniem wspieram jednostki naukowe Polskiej Akademii Nauk oraz jednostki samorz\u0105du terytorialnego na poziomie gminy. Wsp\u00f3\u0142pracuj\u0119 r\u00f3wnie\u017c z sektorem prywatnym (grupy kapita\u0142owe, s\u0142u\u017cba zdrowia, stowarzyszenia i jednoosobowe dzia\u0142alno\u015bci gospodarcze). <\/p>\n\n\n\n<p>W codziennej pracy nadzoruj\u0119 r\u00f3wnie\u017c przestrzeganie norm jako\u015bci ISO.<\/p>\n\n\n\n<p>Posiadam bogate do\u015bwiadczenie szkoleniowe, audytorskie oraz praktyk\u0119 w przygotowywaniu dokumentacji bezpiecze\u0144stwa informacji dostosowanej do r\u00f3\u017cnych potrzeb i uwarunkowa\u0144 organizacyjnych. <\/p>\n\n\n\n<p><strong>BIMS to r\u00f3wnie\u017c dzia\u0142alno\u015b\u0107 charytatywna<\/strong><\/p>\n\n\n\n<figure class=\"wp-block-image\"><img loading=\"lazy\" decoding=\"async\" width=\"423\" height=\"599\" src=\"https:\/\/bims.info\/wp-content\/uploads\/2018\/12\/WWF.jpg\" alt=\"\" class=\"wp-image-148\" srcset=\"https:\/\/bims.info\/wp-content\/uploads\/2018\/12\/WWF.jpg 423w, https:\/\/bims.info\/wp-content\/uploads\/2018\/12\/WWF-212x300.jpg 212w\" sizes=\"auto, (max-width: 423px) 100vw, 423px\" \/><\/figure>\n\n\n\n<p><br><\/p>\n\n\n\n<p class=\"has-text-align-left\"><br><\/p>\n","protected":false},"excerpt":{"rendered":"<p>Przedmiotem dzia\u0142alno\u015bci jest szeroko rozumiane bezpiecze\u0144stwo informacji, a w tym szczeg\u00f3lnie ochrona danych osobowych. Podstawow\u0105 ofert\u0105 BIMS s\u0105: audyty bezpiecze\u0144stwa, pomoc we wdra\u017caniu RODO oraz najwy\u017cszych standard\u00f3w funkcjonowania organizacji w tym obszarze, a tak\u017ce szkolenia oraz dora\u017ane konsultacje. BIMS wsp\u00f3\u0142pracuje z najlepszymi prawnikami specjalizuj\u0105cymi si\u0119 w okre\u015blonych dziedzinach prawa (m.in. prawo pracy, prawo autorskie, prawo [&hellip;]<\/p>\n","protected":false},"author":1,"featured_media":0,"parent":0,"menu_order":0,"comment_status":"closed","ping_status":"closed","template":"","meta":{"footnotes":""},"class_list":["post-11","page","type-page","status-publish","hentry"],"_links":{"self":[{"href":"https:\/\/bims.info\/index.php?rest_route=\/wp\/v2\/pages\/11","targetHints":{"allow":["GET"]}}],"collection":[{"href":"https:\/\/bims.info\/index.php?rest_route=\/wp\/v2\/pages"}],"about":[{"href":"https:\/\/bims.info\/index.php?rest_route=\/wp\/v2\/types\/page"}],"author":[{"embeddable":true,"href":"https:\/\/bims.info\/index.php?rest_route=\/wp\/v2\/users\/1"}],"replies":[{"embeddable":true,"href":"https:\/\/bims.info\/index.php?rest_route=%2Fwp%2Fv2%2Fcomments&post=11"}],"version-history":[{"count":17,"href":"https:\/\/bims.info\/index.php?rest_route=\/wp\/v2\/pages\/11\/revisions"}],"predecessor-version":[{"id":460,"href":"https:\/\/bims.info\/index.php?rest_route=\/wp\/v2\/pages\/11\/revisions\/460"}],"wp:attachment":[{"href":"https:\/\/bims.info\/index.php?rest_route=%2Fwp%2Fv2%2Fmedia&parent=11"}],"curies":[{"name":"wp","href":"https:\/\/api.w.org\/{rel}","templated":true}]}}